{"id":127,"date":"2021-09-29T14:20:20","date_gmt":"2021-09-29T14:20:20","guid":{"rendered":"http:\/\/baerundlilie.info\/?page_id=127"},"modified":"2024-04-24T17:24:43","modified_gmt":"2024-04-24T17:24:43","slug":"gemaelde","status":"publish","type":"page","link":"http:\/\/baerundlilie.info\/?page_id=127","title":{"rendered":"Die neue Mannschaft von der Jahresversammlung 2024"},"content":{"rendered":"\n<figure class=\"wp-block-image size-large\"><img loading=\"lazy\" decoding=\"async\" width=\"1200\" height=\"695\" src=\"http:\/\/baerundlilie.info\/wp-content\/uploads\/Bild-Jahresversammlung-2024-1200x695.jpg\" alt=\"\" class=\"wp-image-2493\" srcset=\"http:\/\/baerundlilie.info\/wp-content\/uploads\/Bild-Jahresversammlung-2024-1200x695.jpg 1200w, http:\/\/baerundlilie.info\/wp-content\/uploads\/Bild-Jahresversammlung-2024-300x174.jpg 300w, http:\/\/baerundlilie.info\/wp-content\/uploads\/Bild-Jahresversammlung-2024-150x87.jpg 150w, http:\/\/baerundlilie.info\/wp-content\/uploads\/Bild-Jahresversammlung-2024-768x445.jpg 768w, http:\/\/baerundlilie.info\/wp-content\/uploads\/Bild-Jahresversammlung-2024-1536x890.jpg 1536w, http:\/\/baerundlilie.info\/wp-content\/uploads\/Bild-Jahresversammlung-2024-2048x1187.jpg 2048w\" sizes=\"auto, (max-width: 1200px) 100vw, 1200px\" \/><\/figure>\n\n\n\n<blockquote class=\"wp-block-quote is-layout-flow wp-block-quote-is-layout-flow\">\n<blockquote class=\"wp-block-quote is-layout-flow wp-block-quote-is-layout-flow\">\n<p><\/p>\n<cite>Gew\u00e4hlt: Vorsitzende Martina Burger, <br>Zweiter Vorsitzender: Georg Kaufmann, <br>Kassier: Dr. Wolfgang Ollendorff, <br>Schriftf\u00fchrer: Otto Jocher, <br>Kassenpr\u00fcfer: Elisabeth Umst\u00e4dter, Maria Fritz, <br>Beisitzer: Susanne Seidel, Thomas Gai\u00dfmaier (zugleich Archivar), Martin Lehnerer, Johann Diepold, Helmut Lorenz, Paul Emmerdt, Klaus Munz<\/cite><\/blockquote>\n\n\n\n<p><strong>Martina Burger nun offiziell an der Spitze<\/strong><br><strong>Geschichtsverein &#8222;B\u00e4r und Lilie&#8220; wieder mit komplettem Vorstand &#8211; Gem\u00e4lde-Projekt l\u00e4uft<\/strong><\/p>\n\n\n\n<p><strong><em>Der Grainauer Heimat- und Geschichtsverein &#8222;B\u00e4r und Lilie&#8220; k\u00fcmmert sich um die Ver\u00f6ffentlichung historischer Fakten, sammelt alte Gegenst\u00e4nde f\u00fcr das Archiv, organisiert Vortr\u00e4ge, F\u00fchrungen und arbeitet an einer Datenbank f\u00fcr Gem\u00e4lde.<br>Der Vereinszweck kam auch beim R\u00fcckblick der kommissarischen Vorsitzenden Martina Burger zum Tragen. So beteiligte sich der Verein mit einem Stand alter Postkarten-Nachdrucke beim Sommerzauber, besuchte die Momo-Ausstellung im Museum Werdenfels und nahm an einer individuellen F\u00fchrung durch Abt Barnabas B\u00f6gle im Kloster Ettal teil.<\/em> <\/strong><br><em><strong>Wichtigster Punkt auf der Tagesordnung war aber die Wahl.<br>Hier stellte sich Martina Burger nun ganz offiziell als Vorsitzende zur Verf\u00fcgung, ihr zur Seite wird k\u00fcnftig das langj\u00e4hrige Vorstandsmitglied Georg Kaufmann als Vize stehen. Nach dem R\u00fccktritt von Josef Bader vom Vorsitz im Jahre 2022 sind die Verh\u00e4ltnisse nun wieder bestens geordnet. Burger w\u00fcrdigte Elisabeth Umst\u00e4dter, die ihre Schaufenster f\u00fcr die Au\u00dfenpr\u00e4sentation des Vereins mit alten Fotos und Gegenst\u00e4nden \u00fcber Jahre zur Verf\u00fcgung stellte. Aktuell gestalten Georg Kaufmann und Helmut Lorenz Schaufenster im ehemaligen Hildebrandt-Anwesen. Schriftf\u00fchrer Otto Jocher stellte die Nr. 26 des Vereinsmitteilungsblattes &#8222;Groana&#8220; in Aussicht und k\u00fcndigte f\u00fcr den Herbst eine Ausstellung an. Kassier Dr. Wolfgang Ollendorff berichtete von einem guten Kassenstand und einem Plus, ehe er auf das von ihm initiierte Gem\u00e4lde-Projekt einging. &#8222;Die Datenbankentwicklung geht voran.&#8220;<br>B\u00fcrgermeister Stephan M\u00e4rkl (CSU) ermutigte den Verein, &#8222;die Ortsgeschichte lebendig zu halten&#8220; und w\u00fcnschte dazu viel Erfolg.<\/strong><\/em><br><br><\/p>\n<\/blockquote>\n\n\n\n<p><\/p>\n\n\n\n<h2 class=\"wp-block-heading\">Alte Bilder von Grainau<\/h2>\n\n\n<script type=\"text\/javascript\">\r\ndocument.addEventListener(\"DOMContentLoaded\", function(event) { \r\n\tjQuery( '#slider-pro-3-131' ).sliderPro({\r\n\t\t\/\/width\r\n\t\t\t\twidth: \"100%\",\r\n\t\t\t\t\r\n\t\t\/\/height\r\n\t\t\t\theight: 300,\r\n\t\t\t\t\r\n\t\t\/\/auto play\r\n\t\t\t\tautoplay:  true,\r\n\t\tautoplayOnHover: 'none',\r\n\t\t\t\t\t\t\t\tautoplayDelay: 5000,\r\n\t\t\r\n\t\t\r\n\t\tarrows: true,\r\n\t\tbuttons: true,\r\n\t\tsmallSize: 500,\r\n\t\tmediumSize: 1000,\r\n\t\tlargeSize: 3000,\r\n\t\tfade: true,\r\n\t\t\r\n\t\t\/\/thumbnail\r\n\t\tthumbnailArrows: true,\r\n\t\tthumbnailWidth: 120,\r\n\t\tthumbnailHeight: 120,\r\n\t\t\t\t\t\t\t\tcenterImage: true,\r\n\t\timageScaleMode: 'cover',\r\n\t\tallowScaleUp: false,\r\n\t\t\t\tstartSlide: 0,\r\n\t\tloop: true,\r\n\t\tslideDistance: 5,\r\n\t\tautoplayDirection: 'normal',\r\n\t\ttouchSwipe: true,\r\n\t\tfullScreen: true,\r\n\t});\r\n});\r\n<\/script>\r\n\r\n\t\t<div id=\"slider-pro-3-131\" class=\"slider-pro\">\r\n\t\t\t<!---- slides div start ---->\r\n\t\t\t<div class=\"sp-slides\">\r\n\t\t\t\t\t\t\t\t\t\t<div class=\"sp-slide\">\r\n\t\t\t\t\t\t\t<img decoding=\"async\" class=\"sp-image\" loading=\"lazy\" alt=\"Scan_sw-Foto-AK_W.Oll_20a_Obergrainau_Meidl-Haus_Kirche_vor_Umbau_1927\" src=\"http:\/\/baerundlilie.info\/wp-content\/plugins\/ultimate-responsive-image-slider\/assets\/css\/images\/blank.gif\" data-src=\"http:\/\/baerundlilie.info\/wp-content\/uploads\/2021\/09\/Scan_sw-Foto-AK_W.Oll_20a_Obergrainau_Meidl-Haus_Kirche_vor_Umbau_1927-scaled.jpg\" \/>\r\n\r\n\t\t\t\t\t\t\t\r\n\t\t\t\t\t\t\t\t\t\t\t\t\t<\/div>\r\n\t\t\t\t\t\t\t\t\t\t\t\t<div class=\"sp-slide\">\r\n\t\t\t\t\t\t\t<img decoding=\"async\" class=\"sp-image\" loading=\"lazy\" alt=\"Scan_sw-Foto-AK_W.Oll_05a_Grainau_Gesamtblick_vom_H\u00f6henrain_1933\" src=\"http:\/\/baerundlilie.info\/wp-content\/plugins\/ultimate-responsive-image-slider\/assets\/css\/images\/blank.gif\" data-src=\"http:\/\/baerundlilie.info\/wp-content\/uploads\/2021\/09\/Scan_sw-Foto-AK_W.Oll_05a_Grainau_Gesamtblick_vom_Hoehenrain_1933-scaled.jpg\" \/>\r\n\r\n\t\t\t\t\t\t\t\r\n\t\t\t\t\t\t\t\t\t\t\t\t\t<\/div>\r\n\t\t\t\t\t\t\t\t\t\t\t\t<div class=\"sp-slide\">\r\n\t\t\t\t\t\t\t<img decoding=\"async\" class=\"sp-image\" loading=\"lazy\" alt=\"Scan_sw-Foto-AK_H.Lorenz_01a_Untergrainau_Dorfplatz_Kruscht-Haus_Zugspitze_vor_1927\" src=\"http:\/\/baerundlilie.info\/wp-content\/plugins\/ultimate-responsive-image-slider\/assets\/css\/images\/blank.gif\" data-src=\"http:\/\/baerundlilie.info\/wp-content\/uploads\/2021\/09\/Scan_sw-Foto-AK_H.Lorenz_01a_Untergrainau_Dorfplatz_Kruscht-Haus_Zugspitze_vor_1927-scaled.jpg\" \/>\r\n\r\n\t\t\t\t\t\t\t\r\n\t\t\t\t\t\t\t\t\t\t\t\t\t<\/div>\r\n\t\t\t\t\t\t\t\t\t\t\t\t<div class=\"sp-slide\">\r\n\t\t\t\t\t\t\t<img decoding=\"async\" class=\"sp-image\" loading=\"lazy\" alt=\"Scan_sw-Foto-AK_BuL-103a__Grainau-Hammersbach, H\u00f6llentalklamm Eingangsh\u00fctte\" src=\"http:\/\/baerundlilie.info\/wp-content\/plugins\/ultimate-responsive-image-slider\/assets\/css\/images\/blank.gif\" data-src=\"http:\/\/baerundlilie.info\/wp-content\/uploads\/2021\/09\/Scan_sw-Foto-AK_BuL-103a__Grainau-Hammersbach-Hoellentalklamm-Eingangshuette-scaled.jpg\" \/>\r\n\r\n\t\t\t\t\t\t\t\r\n\t\t\t\t\t\t\t\t\t\t\t\t\t<\/div>\r\n\t\t\t\t\t\t\t\t\t\t\t\t<div class=\"sp-slide\">\r\n\t\t\t\t\t\t\t<img decoding=\"async\" class=\"sp-image\" loading=\"lazy\" alt=\"Scan_sw-Foto-AK_W.Oll_04a_Untergrainau_Dorfplatz_Kruscht-Haus_Zugspitze_Viehtrieb_1940\" src=\"http:\/\/baerundlilie.info\/wp-content\/plugins\/ultimate-responsive-image-slider\/assets\/css\/images\/blank.gif\" data-src=\"http:\/\/baerundlilie.info\/wp-content\/uploads\/2021\/09\/Scan_sw-Foto-AK_W.Oll_04a_Untergrainau_Dorfplatz_Kruscht-Haus_Zugspitze_Viehtrieb_1940-scaled.jpg\" \/>\r\n\r\n\t\t\t\t\t\t\t\r\n\t\t\t\t\t\t\t\t\t\t\t\t\t<\/div>\r\n\t\t\t\t\t\t\t\t\t<\/div>\r\n\t\t\t\r\n\t\t\t<!---- slides div end ---->\r\n\t\t\t\t\t\t<!-- slides thumbnails div start -->\r\n\t\t\t<div class=\"sp-thumbnails\">\r\n\t\t\t\t\t\t\t\t\t\t<img decoding=\"async\" class=\"sp-thumbnail\" loading=\"lazy\" src=\"http:\/\/baerundlilie.info\/wp-content\/plugins\/ultimate-responsive-image-slider\/assets\/img\/loading.gif\" data-src=\"http:\/\/baerundlilie.info\/wp-content\/uploads\/2021\/09\/Scan_sw-Foto-AK_W.Oll_20a_Obergrainau_Meidl-Haus_Kirche_vor_Umbau_1927-300x192.jpg\" alt=\"Scan_sw-Foto-AK_W.Oll_20a_Obergrainau_Meidl-Haus_Kirche_vor_Umbau_1927\"\/>\r\n\t\t\t\t\t\t\t\t\t\t\t<img decoding=\"async\" class=\"sp-thumbnail\" loading=\"lazy\" src=\"http:\/\/baerundlilie.info\/wp-content\/plugins\/ultimate-responsive-image-slider\/assets\/img\/loading.gif\" data-src=\"http:\/\/baerundlilie.info\/wp-content\/uploads\/2021\/09\/Scan_sw-Foto-AK_W.Oll_05a_Grainau_Gesamtblick_vom_Hoehenrain_1933-300x195.jpg\" alt=\"Scan_sw-Foto-AK_W.Oll_05a_Grainau_Gesamtblick_vom_H\u00f6henrain_1933\"\/>\r\n\t\t\t\t\t\t\t\t\t\t\t<img decoding=\"async\" class=\"sp-thumbnail\" loading=\"lazy\" src=\"http:\/\/baerundlilie.info\/wp-content\/plugins\/ultimate-responsive-image-slider\/assets\/img\/loading.gif\" data-src=\"http:\/\/baerundlilie.info\/wp-content\/uploads\/2021\/09\/Scan_sw-Foto-AK_H.Lorenz_01a_Untergrainau_Dorfplatz_Kruscht-Haus_Zugspitze_vor_1927-300x189.jpg\" alt=\"Scan_sw-Foto-AK_H.Lorenz_01a_Untergrainau_Dorfplatz_Kruscht-Haus_Zugspitze_vor_1927\"\/>\r\n\t\t\t\t\t\t\t\t\t\t\t<img decoding=\"async\" class=\"sp-thumbnail\" loading=\"lazy\" src=\"http:\/\/baerundlilie.info\/wp-content\/plugins\/ultimate-responsive-image-slider\/assets\/img\/loading.gif\" data-src=\"http:\/\/baerundlilie.info\/wp-content\/uploads\/2021\/09\/Scan_sw-Foto-AK_BuL-103a__Grainau-Hammersbach-Hoellentalklamm-Eingangshuette-300x194.jpg\" alt=\"Scan_sw-Foto-AK_BuL-103a__Grainau-Hammersbach, H\u00f6llentalklamm Eingangsh\u00fctte\"\/>\r\n\t\t\t\t\t\t\t\t\t\t\t<img decoding=\"async\" class=\"sp-thumbnail\" loading=\"lazy\" src=\"http:\/\/baerundlilie.info\/wp-content\/plugins\/ultimate-responsive-image-slider\/assets\/img\/loading.gif\" data-src=\"http:\/\/baerundlilie.info\/wp-content\/uploads\/2021\/09\/Scan_sw-Foto-AK_W.Oll_04a_Untergrainau_Dorfplatz_Kruscht-Haus_Zugspitze_Viehtrieb_1940-300x195.jpg\" alt=\"Scan_sw-Foto-AK_W.Oll_04a_Untergrainau_Dorfplatz_Kruscht-Haus_Zugspitze_Viehtrieb_1940\"\/>\r\n\t\t\t\t\t\t\t\t<\/div>\r\n\t\t\t\t\t\t<!-- slides thumbnails div end -->\r\n\t\t<\/div>\r\n\t\t<style>\r\n\/* Layout 3 *\/\r\n\/* border *\/\r\n#slider-pro-3-131 .sp-selected-thumbnail {\r\n\tborder: 4px solid #6c932d;\r\n}\r\n\r\n\/* font + color *\/\r\n.title-in  {\r\n\tfont-family: Arial !important;\r\n\tcolor: #FFFFFF !important;\r\n\tbackground-color: #75962e !important;\r\n\topacity: 0.7 !important;\r\n}\r\n.desc-in  {\r\n\tfont-family: Arial !important;\r\n\tcolor: #FFFFFF !important;\r\n\tbackground-color: #83a834 !important;\r\n\topacity: 0.7 !important;\r\n}\r\n\r\n\/* bullets color *\/\r\n.sp-button  {\r\n\tborder: 2px solid #42912d !important;\r\n}\r\n.sp-selected-button  {\r\n\tbackground-color: #42912d !important;\r\n}\r\n\r\n\/* pointer color - bottom *\/\r\n\r\n\/* pointer color - top *\/\r\n\r\n\/* full screen icon *\/\r\n.sp-full-screen-button::before {\r\n    color: #FFFFFF !important;\r\n}\r\n\r\n\/* hover navigation icon color *\/\r\n.sp-next-arrow::after, .sp-next-arrow::before {\r\n\tbackground-color: #FFFFFF !important;\r\n}\r\n.sp-previous-arrow::after, .sp-previous-arrow::before {\r\n\tbackground-color: #FFFFFF !important;\r\n}\r\n\r\n#slider-pro-3-131 .title-in {\r\n\tcolor: #FFFFFF !important;\r\n\tfont-weight: bolder;\r\n\ttext-align: center;\r\n}\r\n\r\n#slider-pro-3-131 .title-in-bg {\r\n\tbackground: rgba(255, 255, 255, 0.7); !important;\r\n\twhite-space: unset !important;\r\n\ttransform: initial !important;\r\n\t-webkit-transform: initial !important;\r\n\tfont-size: 14px !important;\r\n}\r\n\r\n#slider-pro-3-131 .desc-in {\r\n\tcolor: #FFFFFF !important;\r\n\ttext-align: center;\r\n}\r\n#slider-pro-3-131 .desc-in-bg {\r\n\tbackground: rgba(#83a834, 0.7) !important;\r\n\twhite-space: unset !important;\r\n\ttransform: initial !important;\r\n\t-webkit-transform: initial !important;\r\n\tfont-size: 13px !important;\r\n}\r\n\r\n@media (max-width: 640px) {\r\n\t#slider-pro-3-131 .hide-small-screen {\r\n\t\tdisplay: none;\r\n\t}\r\n}\r\n\r\n@media (max-width: 860px) {\r\n\t#slider-pro-3-131 .sp-layer {\r\n\t\tfont-size: 18px;\r\n\t}\r\n\t\r\n\t#slider-pro-3-131 .hide-medium-screen {\r\n\t\tdisplay: none;\r\n\t}\r\n}\r\n.slides-not-found {\r\n\tbackground-color: #a92929;\r\n\tborder-radius: 5px;\r\n\tcolor: #fff;\r\n\tfont-family: initial;\r\n\ttext-align: center;\r\n\tpadding:12px;\r\n}\r\n\/* Custom CSS *\/\r\n<\/style>\r\n\n\n\n<p><iframe loading=\"lazy\" src=\"https:\/\/www.facebook.com\/plugins\/post.php?href=https%3A%2F%2Fwww.facebook.com%2FBaer.und.Lilie%2Fposts%2F5044845088888378&amp;show_text=true&amp;width=500\" style=\"border:none;overflow:hidden\" scrolling=\"no\" allowfullscreen=\"true\" allow=\"autoplay; clipboard-write; encrypted-media; picture-in-picture; web-share\" width=\"500\" height=\"226\" frameborder=\"0\"><\/iframe><\/p>\n","protected":false},"excerpt":{"rendered":"<p>Alte Bilder von Grainau<\/p>\n","protected":false},"author":1,"featured_media":0,"parent":0,"menu_order":0,"comment_status":"closed","ping_status":"closed","template":"","meta":{"footnotes":""},"class_list":["post-127","page","type-page","status-publish","hentry"],"_links":{"self":[{"href":"http:\/\/baerundlilie.info\/index.php?rest_route=\/wp\/v2\/pages\/127","targetHints":{"allow":["GET"]}}],"collection":[{"href":"http:\/\/baerundlilie.info\/index.php?rest_route=\/wp\/v2\/pages"}],"about":[{"href":"http:\/\/baerundlilie.info\/index.php?rest_route=\/wp\/v2\/types\/page"}],"author":[{"embeddable":true,"href":"http:\/\/baerundlilie.info\/index.php?rest_route=\/wp\/v2\/users\/1"}],"replies":[{"embeddable":true,"href":"http:\/\/baerundlilie.info\/index.php?rest_route=%2Fwp%2Fv2%2Fcomments&post=127"}],"version-history":[{"count":10,"href":"http:\/\/baerundlilie.info\/index.php?rest_route=\/wp\/v2\/pages\/127\/revisions"}],"predecessor-version":[{"id":2500,"href":"http:\/\/baerundlilie.info\/index.php?rest_route=\/wp\/v2\/pages\/127\/revisions\/2500"}],"wp:attachment":[{"href":"http:\/\/baerundlilie.info\/index.php?rest_route=%2Fwp%2Fv2%2Fmedia&parent=127"}],"curies":[{"name":"wp","href":"https:\/\/api.w.org\/{rel}","templated":true}]}}