{"id":2303,"date":"2022-03-10T10:13:46","date_gmt":"2022-03-10T10:13:46","guid":{"rendered":"http:\/\/baerundlilie.info\/?page_id=2303"},"modified":"2022-03-10T16:23:06","modified_gmt":"2022-03-10T16:23:06","slug":"historische-postkarten","status":"publish","type":"page","link":"http:\/\/baerundlilie.info\/?page_id=2303","title":{"rendered":"Historische Postkarten"},"content":{"rendered":"\n<p><\/p>\n\n\n\n<div class=\"wp-block-media-text alignwide is-stacked-on-mobile\"><figure class=\"wp-block-media-text__media\"><img loading=\"lazy\" decoding=\"async\" width=\"633\" height=\"900\" src=\"http:\/\/baerundlilie.info\/wp-content\/uploads\/Hans-Saum-Dorfplatz-Untergrainau-633x900.jpg\" alt=\"\" class=\"wp-image-2295 size-full\" srcset=\"http:\/\/baerundlilie.info\/wp-content\/uploads\/Hans-Saum-Dorfplatz-Untergrainau-633x900.jpg 633w, http:\/\/baerundlilie.info\/wp-content\/uploads\/Hans-Saum-Dorfplatz-Untergrainau-211x300.jpg 211w, http:\/\/baerundlilie.info\/wp-content\/uploads\/Hans-Saum-Dorfplatz-Untergrainau-106x150.jpg 106w, http:\/\/baerundlilie.info\/wp-content\/uploads\/Hans-Saum-Dorfplatz-Untergrainau-768x1091.jpg 768w, http:\/\/baerundlilie.info\/wp-content\/uploads\/Hans-Saum-Dorfplatz-Untergrainau.jpg 796w\" sizes=\"auto, (max-width: 633px) 100vw, 633px\" \/><\/figure><div class=\"wp-block-media-text__content\">\n<p class=\"has-medium-font-size\">Gerne k\u00f6nnen Sie diese Postkarten erwerben zum Preis von 5 Euro f\u00fcr 8 St\u00fcck (eventuell zzgl. Porto)<\/p>\n\n\n\n<p>Nutzen Sie unser Kontaktformular<\/p>\n\n\n\n<p class=\"has-small-font-size\">Herausgeber Verein &#8222;B\u00e4r und Lilie&#8220; e.V. Grainau, Druck anl\u00e4\u00dflich der Gem\u00e4ldeausstellung Herbst 2019 vom 05.10. &#8211; 03.11. in Grainau<\/p>\n<\/div><\/div>\n\n\n\n<figure class=\"wp-block-image size-large  &lt;script type=&quot;text\/javascript&quot;&gt;  jQuery(function(){  jQuery.fn.fancyzoom.defaultsOptions.imgDir=&#039;http:\/\/baerundlilie.info\/wp-content\/plugins\/random-image-gallery-with-fancy-zoom\/ressources\/&#039;; jQuery(&#039;#nooverlay7&#039;).fancyzoom({Speed:400,showoverlay:false});  });  &lt;\/script&gt; &lt;div&gt;&lt;a href=&quot;http:\/\/baerundlilie.info\/wp-content\/uploads\/fanzy\/Edwin-Heine-Untergrainauer-Dorfplatz.jpg&quot; id=&quot;nooverlay7&quot;&gt;&lt;img src=&quot;http:\/\/baerundlilie.info\/wp-content\/plugins\/random-image-gallery-with-fancy-zoom\/crop-random-image.php?AC=YES&amp;DIR=wp-content\/uploads\/fanzy\/&amp;IMGNAME=Edwin-Heine-Untergrainauer-Dorfplatz.jpg&amp;MAXWIDTH=800&quot;&gt; &lt;\/a&gt;&lt;\/div&gt;\"><img loading=\"lazy\" decoding=\"async\" width=\"627\" height=\"900\" src=\"http:\/\/baerundlilie.info\/wp-content\/uploads\/Pfarrkirche-vor-Umbau-1927-627x900.jpg\" alt=\"\" class=\"wp-image-2299\" srcset=\"http:\/\/baerundlilie.info\/wp-content\/uploads\/Pfarrkirche-vor-Umbau-1927-627x900.jpg 627w, http:\/\/baerundlilie.info\/wp-content\/uploads\/Pfarrkirche-vor-Umbau-1927-209x300.jpg 209w, http:\/\/baerundlilie.info\/wp-content\/uploads\/Pfarrkirche-vor-Umbau-1927-105x150.jpg 105w, http:\/\/baerundlilie.info\/wp-content\/uploads\/Pfarrkirche-vor-Umbau-1927-768x1102.jpg 768w, http:\/\/baerundlilie.info\/wp-content\/uploads\/Pfarrkirche-vor-Umbau-1927.jpg 795w\" sizes=\"auto, (max-width: 627px) 100vw, 627px\" \/><figcaption>Nach einem \u00d6lgem\u00e4lde von Friedrich Jacob (1885 &#8211; 1965), Obergrainau, Pfarrkirche mit Kleinem Waxenstein, <br>(vor dem Umbau 1927 von Turm und Kirchenschiff)<\/figcaption><\/figure>\n\n\n\n<figure class=\"wp-block-image size-large is-style-default\"><img loading=\"lazy\" decoding=\"async\" width=\"1000\" height=\"703\" src=\"http:\/\/baerundlilie.info\/wp-content\/uploads\/Hans-Saum-Werdenfelser-Landl-1000x703.jpg\" alt=\"\" class=\"wp-image-2297\" srcset=\"http:\/\/baerundlilie.info\/wp-content\/uploads\/Hans-Saum-Werdenfelser-Landl-1000x703.jpg 1000w, http:\/\/baerundlilie.info\/wp-content\/uploads\/Hans-Saum-Werdenfelser-Landl-300x211.jpg 300w, http:\/\/baerundlilie.info\/wp-content\/uploads\/Hans-Saum-Werdenfelser-Landl-150x105.jpg 150w, http:\/\/baerundlilie.info\/wp-content\/uploads\/Hans-Saum-Werdenfelser-Landl-768x540.jpg 768w, http:\/\/baerundlilie.info\/wp-content\/uploads\/Hans-Saum-Werdenfelser-Landl.jpg 1132w\" sizes=\"auto, (max-width: 1000px) 100vw, 1000px\" \/><figcaption>Nach einem Aquarell von Hans Saum (1906 &#8211; 1974).  Bei Garmisch-Partenkirchen &#8222;Werdenfelser Landl&#8220;, v.l.n.r. Alpspitze, H\u00f6llentalspitzen, <br>Waxensteine und ganz rechts Daniel<\/figcaption><\/figure>\n\n\n\n<figure class=\"wp-block-image size-large\"><img loading=\"lazy\" decoding=\"async\" width=\"1000\" height=\"700\" src=\"http:\/\/baerundlilie.info\/wp-content\/uploads\/Friedrich-Jacob-Blick-vom-Hoehenrain-1000x700.jpg\" alt=\"\" class=\"wp-image-2289\" srcset=\"http:\/\/baerundlilie.info\/wp-content\/uploads\/Friedrich-Jacob-Blick-vom-Hoehenrain-1000x700.jpg 1000w, http:\/\/baerundlilie.info\/wp-content\/uploads\/Friedrich-Jacob-Blick-vom-Hoehenrain-300x210.jpg 300w, http:\/\/baerundlilie.info\/wp-content\/uploads\/Friedrich-Jacob-Blick-vom-Hoehenrain-150x105.jpg 150w, http:\/\/baerundlilie.info\/wp-content\/uploads\/Friedrich-Jacob-Blick-vom-Hoehenrain-768x537.jpg 768w, http:\/\/baerundlilie.info\/wp-content\/uploads\/Friedrich-Jacob-Blick-vom-Hoehenrain.jpg 1136w\" sizes=\"auto, (max-width: 1000px) 100vw, 1000px\" \/><figcaption>Nach einem \u00d6lgem\u00e4lde von Friedrich Jacob (1885 &#8211; 1965), Grainau, Blick vom H\u00f6henrain, mit Alpspitze und Waxensteine, 1923<\/figcaption><\/figure>\n\n\n\n<figure class=\"wp-block-image size-large\"><img loading=\"lazy\" decoding=\"async\" width=\"1000\" height=\"705\" src=\"http:\/\/baerundlilie.info\/wp-content\/uploads\/Edwin-Heine-Untergrainauer-Dorfplatz-1000x705.jpg\" alt=\"\" class=\"wp-image-2287\" srcset=\"http:\/\/baerundlilie.info\/wp-content\/uploads\/Edwin-Heine-Untergrainauer-Dorfplatz-1000x705.jpg 1000w, http:\/\/baerundlilie.info\/wp-content\/uploads\/Edwin-Heine-Untergrainauer-Dorfplatz-300x211.jpg 300w, http:\/\/baerundlilie.info\/wp-content\/uploads\/Edwin-Heine-Untergrainauer-Dorfplatz-150x106.jpg 150w, http:\/\/baerundlilie.info\/wp-content\/uploads\/Edwin-Heine-Untergrainauer-Dorfplatz-768x541.jpg 768w, http:\/\/baerundlilie.info\/wp-content\/uploads\/Edwin-Heine-Untergrainauer-Dorfplatz.jpg 1132w\" sizes=\"auto, (max-width: 1000px) 100vw, 1000px\" \/><figcaption>Nach einem \u00d6lgem\u00e4lde von Edwin Heine (k.A.) Untergrainau, Dorfplatz mit Bauernh\u00e4usern im Winter, Krepbachbr\u00fccke, Waxensteinkamm und Zugspitze, 1922 (links Hildebrandt- und rechts Kruscht-Haus)<\/figcaption><\/figure>\n\n\n\n<figure class=\"wp-block-image size-large\"><img loading=\"lazy\" decoding=\"async\" width=\"1000\" height=\"703\" src=\"http:\/\/baerundlilie.info\/wp-content\/uploads\/Reinhold-W-Fischer-Untergrainau-Kruscht-1000x703.jpg\" alt=\"\" class=\"wp-image-2301\" srcset=\"http:\/\/baerundlilie.info\/wp-content\/uploads\/Reinhold-W-Fischer-Untergrainau-Kruscht-1000x703.jpg 1000w, http:\/\/baerundlilie.info\/wp-content\/uploads\/Reinhold-W-Fischer-Untergrainau-Kruscht-300x211.jpg 300w, http:\/\/baerundlilie.info\/wp-content\/uploads\/Reinhold-W-Fischer-Untergrainau-Kruscht-150x105.jpg 150w, http:\/\/baerundlilie.info\/wp-content\/uploads\/Reinhold-W-Fischer-Untergrainau-Kruscht-768x540.jpg 768w, http:\/\/baerundlilie.info\/wp-content\/uploads\/Reinhold-W-Fischer-Untergrainau-Kruscht.jpg 1134w\" sizes=\"auto, (max-width: 1000px) 100vw, 1000px\" \/><figcaption>Nach einem \u00d6lgem\u00e4lde von Reinhold W. Fischer (k.A.), Untergrainau, Dorfplatz mit Bauernhaus (&#8222;Kruscht&#8220;), Kapelle St. Josef und Zugspitze, 1932<\/figcaption><\/figure>\n\n\n\n<figure class=\"wp-block-image size-large\"><img loading=\"lazy\" decoding=\"async\" width=\"1000\" height=\"702\" src=\"http:\/\/baerundlilie.info\/wp-content\/uploads\/Friedrich-Jacob-Eibsee-mit-Zugspitze-1000x702.jpg\" alt=\"\" class=\"wp-image-2291\" srcset=\"http:\/\/baerundlilie.info\/wp-content\/uploads\/Friedrich-Jacob-Eibsee-mit-Zugspitze-1000x702.jpg 1000w, http:\/\/baerundlilie.info\/wp-content\/uploads\/Friedrich-Jacob-Eibsee-mit-Zugspitze-300x211.jpg 300w, http:\/\/baerundlilie.info\/wp-content\/uploads\/Friedrich-Jacob-Eibsee-mit-Zugspitze-150x105.jpg 150w, http:\/\/baerundlilie.info\/wp-content\/uploads\/Friedrich-Jacob-Eibsee-mit-Zugspitze-768x539.jpg 768w, http:\/\/baerundlilie.info\/wp-content\/uploads\/Friedrich-Jacob-Eibsee-mit-Zugspitze.jpg 1135w\" sizes=\"auto, (max-width: 1000px) 100vw, 1000px\" \/><figcaption>Nach einem \u00d6lgem\u00e4lde von Friedrich Jacob (1885 &#8211; 1965), Grainau, Eibsee mit Zugspitze am Sp\u00e4tnachmittag<\/figcaption><\/figure>\n\n\n\n<figure class=\"wp-block-image size-large is-resized\"><img loading=\"lazy\" decoding=\"async\" src=\"http:\/\/baerundlilie.info\/wp-content\/uploads\/Hans-Saum-Badersee-mit-Zugspitze-1000x701.jpg\" alt=\"\" class=\"wp-image-2293\" width=\"637\" height=\"445\" srcset=\"http:\/\/baerundlilie.info\/wp-content\/uploads\/Hans-Saum-Badersee-mit-Zugspitze-300x210.jpg 300w, http:\/\/baerundlilie.info\/wp-content\/uploads\/Hans-Saum-Badersee-mit-Zugspitze-150x105.jpg 150w\" sizes=\"auto, (max-width: 637px) 100vw, 637px\" \/><figcaption>Nach einem \u00d6lgem\u00e4lde von Haus Saum (1906 &#8211; 1974), Grainau &#8222;Badersee mit Zugspitze&#8220;, v.l.n.r. Sch\u00f6nangerspitze, Riffelscharte, Riffelwandspitzen und Zugspitze (2.962 m)<\/figcaption><\/figure>\n\n\n\n<figure class=\"wp-block-image size-large\"><img loading=\"lazy\" decoding=\"async\" width=\"633\" height=\"900\" src=\"http:\/\/baerundlilie.info\/wp-content\/uploads\/Hans-Saum-Dorfplatz-Untergrainau-633x900.jpg\" alt=\"\" class=\"wp-image-2295\" srcset=\"http:\/\/baerundlilie.info\/wp-content\/uploads\/Hans-Saum-Dorfplatz-Untergrainau-633x900.jpg 633w, http:\/\/baerundlilie.info\/wp-content\/uploads\/Hans-Saum-Dorfplatz-Untergrainau-211x300.jpg 211w, http:\/\/baerundlilie.info\/wp-content\/uploads\/Hans-Saum-Dorfplatz-Untergrainau-106x150.jpg 106w, http:\/\/baerundlilie.info\/wp-content\/uploads\/Hans-Saum-Dorfplatz-Untergrainau-768x1091.jpg 768w, http:\/\/baerundlilie.info\/wp-content\/uploads\/Hans-Saum-Dorfplatz-Untergrainau.jpg 796w\" sizes=\"auto, (max-width: 633px) 100vw, 633px\" \/><figcaption>Nach einem Aquarell von Hans Saum (1906 &#8211; 1974), Untergrainau, Dorfplatz mit Bauernhaus (&#8222;Kruscht&#8220;), Josefikapelle und Zugspitze, 1946<\/figcaption><\/figure>\n\n\n\n<div class=\"wp-block-group\"><div class=\"wp-block-group__inner-container is-layout-flow wp-block-group-is-layout-flow\"><\/div><\/div>\n","protected":false},"excerpt":{"rendered":"<p>Gerne k\u00f6nnen Sie diese Postkarten erwerben zum Preis von 5 Euro f\u00fcr 8 St\u00fcck (eventuell zzgl. Porto) Nutzen Sie unser Kontaktformular Herausgeber Verein &#8222;B\u00e4r und Lilie&#8220; e.V. Grainau, Druck anl\u00e4\u00dflich der Gem\u00e4ldeausstellung Herbst 2019 vom 05.10. &#8211; 03.11. in Grainau<\/p>\n","protected":false},"author":1,"featured_media":0,"parent":0,"menu_order":0,"comment_status":"closed","ping_status":"closed","template":"","meta":{"footnotes":""},"class_list":["post-2303","page","type-page","status-publish","hentry"],"_links":{"self":[{"href":"http:\/\/baerundlilie.info\/index.php?rest_route=\/wp\/v2\/pages\/2303","targetHints":{"allow":["GET"]}}],"collection":[{"href":"http:\/\/baerundlilie.info\/index.php?rest_route=\/wp\/v2\/pages"}],"about":[{"href":"http:\/\/baerundlilie.info\/index.php?rest_route=\/wp\/v2\/types\/page"}],"author":[{"embeddable":true,"href":"http:\/\/baerundlilie.info\/index.php?rest_route=\/wp\/v2\/users\/1"}],"replies":[{"embeddable":true,"href":"http:\/\/baerundlilie.info\/index.php?rest_route=%2Fwp%2Fv2%2Fcomments&post=2303"}],"version-history":[{"count":43,"href":"http:\/\/baerundlilie.info\/index.php?rest_route=\/wp\/v2\/pages\/2303\/revisions"}],"predecessor-version":[{"id":2410,"href":"http:\/\/baerundlilie.info\/index.php?rest_route=\/wp\/v2\/pages\/2303\/revisions\/2410"}],"wp:attachment":[{"href":"http:\/\/baerundlilie.info\/index.php?rest_route=%2Fwp%2Fv2%2Fmedia&parent=2303"}],"curies":[{"name":"wp","href":"https:\/\/api.w.org\/{rel}","templated":true}]}}