{"id":2419,"date":"2022-03-13T09:34:07","date_gmt":"2022-03-13T09:34:07","guid":{"rendered":"http:\/\/baerundlilie.info\/?page_id=2419"},"modified":"2022-03-13T09:42:28","modified_gmt":"2022-03-13T09:42:28","slug":"unsere-bankverbindung-fuer-spenden-und-mitgliedsbeitrag-10-euro","status":"publish","type":"page","link":"http:\/\/baerundlilie.info\/?page_id=2419","title":{"rendered":"Unsere Bankverbindung f\u00fcr Spenden und Mitgliedsbeitrag (10 Euro)"},"content":{"rendered":"\n<p><\/p>\n\n\n\n<figure class=\"wp-block-table\"><table><tbody><tr><td>Empf\u00e4nger<\/td><td><strong>Verein \u201eB\u00e4r und Lilie\u201c e.V., Grainau<\/strong><\/td><\/tr><tr><td>IBAN<\/td><td><strong>DE43 7032 0090 2680 3508 52<\/strong><\/td><\/tr><tr><td>BIC<\/td><td><strong>HYVEDEMM654<\/strong><\/td><\/tr><tr><td><\/td><td><\/td><\/tr><\/tbody><\/table><\/figure>\n\n\n\n<figure class=\"wp-block-table\"><table><tbody><tr><td>Zuwendungsbest\u00e4tigungen f\u00fcr Spenden werden ab 200 Euro ausgestellt. F\u00fcr Spenden unter 200 Euro gilt der Kontoauszug des Spenders als Nachweis gegen\u00fcber dem Finanzamt. In Ausnahmef\u00e4llen werden Zuwendungsbest\u00e4tigungen auch f\u00fcr Belege unter 200 Euro ausgestellt.<\/td><\/tr><tr><td><a href=\"http:\/\/baerundlilie.info\/?attachment_id=2422\"><strong>Unseren Freistellungsbescheid vom Finanzamt, k\u00f6nnen Sie hier nachlesen.<\/strong><\/a><\/td><\/tr><\/tbody><\/table><\/figure>\n","protected":false},"excerpt":{"rendered":"<p>Empf\u00e4nger Verein \u201eB\u00e4r und Lilie\u201c e.V., Grainau IBAN DE43 7032 0090 2680 3508 52 BIC HYVEDEMM654 Zuwendungsbest\u00e4tigungen f\u00fcr Spenden werden ab 200 Euro ausgestellt. F\u00fcr Spenden unter 200 Euro gilt der Kontoauszug des Spenders als Nachweis gegen\u00fcber dem Finanzamt. In Ausnahmef\u00e4llen werden Zuwendungsbest\u00e4tigungen auch f\u00fcr Belege unter 200 Euro ausgestellt. Unseren Freistellungsbescheid vom Finanzamt, k\u00f6nnen &hellip; <a href=\"http:\/\/baerundlilie.info\/?page_id=2419\" class=\"more-link\"><span class=\"screen-reader-text\">Unsere Bankverbindung f\u00fcr Spenden und Mitgliedsbeitrag (10 Euro)<\/span> weiterlesen <span class=\"meta-nav\">&rarr;<\/span><\/a><\/p>\n","protected":false},"author":1,"featured_media":0,"parent":0,"menu_order":0,"comment_status":"closed","ping_status":"closed","template":"","meta":{"footnotes":""},"class_list":["post-2419","page","type-page","status-publish","hentry"],"_links":{"self":[{"href":"http:\/\/baerundlilie.info\/index.php?rest_route=\/wp\/v2\/pages\/2419","targetHints":{"allow":["GET"]}}],"collection":[{"href":"http:\/\/baerundlilie.info\/index.php?rest_route=\/wp\/v2\/pages"}],"about":[{"href":"http:\/\/baerundlilie.info\/index.php?rest_route=\/wp\/v2\/types\/page"}],"author":[{"embeddable":true,"href":"http:\/\/baerundlilie.info\/index.php?rest_route=\/wp\/v2\/users\/1"}],"replies":[{"embeddable":true,"href":"http:\/\/baerundlilie.info\/index.php?rest_route=%2Fwp%2Fv2%2Fcomments&post=2419"}],"version-history":[{"count":3,"href":"http:\/\/baerundlilie.info\/index.php?rest_route=\/wp\/v2\/pages\/2419\/revisions"}],"predecessor-version":[{"id":2427,"href":"http:\/\/baerundlilie.info\/index.php?rest_route=\/wp\/v2\/pages\/2419\/revisions\/2427"}],"wp:attachment":[{"href":"http:\/\/baerundlilie.info\/index.php?rest_route=%2Fwp%2Fv2%2Fmedia&parent=2419"}],"curies":[{"name":"wp","href":"https:\/\/api.w.org\/{rel}","templated":true}]}}