{"id":2506,"date":"2025-03-11T07:31:38","date_gmt":"2025-03-11T07:31:38","guid":{"rendered":"https:\/\/baerundlilie.info\/?page_id=2506"},"modified":"2025-03-31T08:42:16","modified_gmt":"2025-03-31T08:42:16","slug":"wir-ueberarbeiten-gerade-unseren-internetauftritt","status":"publish","type":"page","link":"https:\/\/baerundlilie.info\/","title":{"rendered":"Das neue &#8222;Groana Heft&#8220; ist fertig !"},"content":{"rendered":"\n<p><\/p>\n\n\n<div class=\"wp-block-image\">\n<figure class=\"aligncenter size-large\"><img loading=\"lazy\" decoding=\"async\" width=\"586\" height=\"900\" src=\"https:\/\/baerundlilie.info\/wp-content\/uploads\/Deckblatt_Groana26_a-586x900.jpg\" alt=\"\" class=\"wp-image-2519\" srcset=\"https:\/\/baerundlilie.info\/wp-content\/uploads\/Deckblatt_Groana26_a-586x900.jpg 586w, https:\/\/baerundlilie.info\/wp-content\/uploads\/Deckblatt_Groana26_a-195x300.jpg 195w, https:\/\/baerundlilie.info\/wp-content\/uploads\/Deckblatt_Groana26_a-98x150.jpg 98w, https:\/\/baerundlilie.info\/wp-content\/uploads\/Deckblatt_Groana26_a-768x1179.jpg 768w, https:\/\/baerundlilie.info\/wp-content\/uploads\/Deckblatt_Groana26_a-1001x1536.jpg 1001w, https:\/\/baerundlilie.info\/wp-content\/uploads\/Deckblatt_Groana26_a.jpg 1171w\" sizes=\"auto, (max-width: 586px) 100vw, 586px\" \/><\/figure>\n<\/div>\n\n\n<ul class=\"wp-block-list\"><\/ul>\n\n\n\n<blockquote class=\"wp-block-quote is-layout-flow wp-block-quote-is-layout-flow\">\n<p class=\"has-medium-font-size\"><strong>Das Heft kann f\u00fcr 10 Euro erworben werden bei:<\/strong><br><\/p>\n\n\n\n<p class=\"has-medium-font-size\"><strong>Geigers HairArt (Miriam Geiger), Waxensteinstra\u00dfe<\/strong><br><strong>Minigolfplatz, Familie Radu, Waxensteinstra\u00dfe<\/strong><br><strong>Troph\u00e4en Wei\u00dfmann, Barbara Zerhoch, Untergr. Dorfplatz<\/strong><br><strong>Dorfladen Grainau, Waxensteinstra\u00dfe<\/strong><\/p>\n\n\n\n<p><\/p>\n\n\n\n<p><\/p>\n<\/blockquote>\n","protected":false},"excerpt":{"rendered":"<p>Das Heft kann f\u00fcr 10 Euro erworben werden bei: Geigers HairArt (Miriam Geiger), Waxensteinstra\u00dfeMinigolfplatz, Familie Radu, Waxensteinstra\u00dfeTroph\u00e4en Wei\u00dfmann, Barbara Zerhoch, Untergr. DorfplatzDorfladen Grainau, Waxensteinstra\u00dfe<\/p>\n","protected":false},"author":1,"featured_media":0,"parent":0,"menu_order":0,"comment_status":"closed","ping_status":"closed","template":"","meta":{"footnotes":""},"class_list":["post-2506","page","type-page","status-publish","hentry"],"_links":{"self":[{"href":"https:\/\/baerundlilie.info\/index.php?rest_route=\/wp\/v2\/pages\/2506","targetHints":{"allow":["GET"]}}],"collection":[{"href":"https:\/\/baerundlilie.info\/index.php?rest_route=\/wp\/v2\/pages"}],"about":[{"href":"https:\/\/baerundlilie.info\/index.php?rest_route=\/wp\/v2\/types\/page"}],"author":[{"embeddable":true,"href":"https:\/\/baerundlilie.info\/index.php?rest_route=\/wp\/v2\/users\/1"}],"replies":[{"embeddable":true,"href":"https:\/\/baerundlilie.info\/index.php?rest_route=%2Fwp%2Fv2%2Fcomments&post=2506"}],"version-history":[{"count":7,"href":"https:\/\/baerundlilie.info\/index.php?rest_route=\/wp\/v2\/pages\/2506\/revisions"}],"predecessor-version":[{"id":2522,"href":"https:\/\/baerundlilie.info\/index.php?rest_route=\/wp\/v2\/pages\/2506\/revisions\/2522"}],"wp:attachment":[{"href":"https:\/\/baerundlilie.info\/index.php?rest_route=%2Fwp%2Fv2%2Fmedia&parent=2506"}],"curies":[{"name":"wp","href":"https:\/\/api.w.org\/{rel}","templated":true}]}}